{"id":3,"date":"2024-10-22T09:35:34","date_gmt":"2024-10-22T09:35:34","guid":{"rendered":"https:\/\/scitoevents.com\/?page_id=3"},"modified":"2024-10-30T12:26:16","modified_gmt":"2024-10-30T12:26:16","slug":"informacion-legal","status":"publish","type":"page","link":"https:\/\/coeves.com\/en\/informacion-legal\/","title":{"rendered":"Informaci\u00f3n Legal"},"content":{"rendered":"<style>.kb-row-layout-id3_dd2478-78 > .kt-row-column-wrap{align-content:start;}:where(.kb-row-layout-id3_dd2478-78 > .kt-row-column-wrap) > .wp-block-kadence-column{justify-content:start;}.kb-row-layout-id3_dd2478-78 > .kt-row-column-wrap{column-gap:var(--global-kb-gap-md, 2rem);row-gap:var(--global-kb-gap-md, 2rem);max-width:var( --global-content-width, 1290px );padding-left:var(--global-content-edge-padding);padding-right:var(--global-content-edge-padding);padding-top:var(--global-kb-spacing-4xl, 8rem);padding-bottom:var(--global-kb-spacing-xl, 4rem);grid-template-columns:minmax(0, 1fr);}.kb-row-layout-id3_dd2478-78 > .kt-row-layout-overlay{opacity:0.30;}@media all and (max-width: 1024px){.kb-row-layout-id3_dd2478-78 > .kt-row-column-wrap{grid-template-columns:minmax(0, 1fr);}}@media all and (max-width: 767px){.kb-row-layout-id3_dd2478-78 > .kt-row-column-wrap{grid-template-columns:minmax(0, 1fr);}}<\/style><div class=\"kb-row-layout-wrap kb-row-layout-id3_dd2478-78 alignnone wp-block-kadence-rowlayout\"><div class=\"kt-row-column-wrap kt-has-1-columns kt-row-layout-equal kt-tab-layout-inherit kt-mobile-layout-row kt-row-valign-top kb-theme-content-width\">\n<style>.kadence-column3_5dcdcd-52 > .kt-inside-inner-col,.kadence-column3_5dcdcd-52 > .kt-inside-inner-col:before{border-top-left-radius:0px;border-top-right-radius:0px;border-bottom-right-radius:0px;border-bottom-left-radius:0px;}.kadence-column3_5dcdcd-52 > .kt-inside-inner-col{column-gap:var(--global-kb-gap-sm, 1rem);}.kadence-column3_5dcdcd-52 > .kt-inside-inner-col{flex-direction:column;}.kadence-column3_5dcdcd-52 > .kt-inside-inner-col > .aligncenter{width:100%;}.kadence-column3_5dcdcd-52 > .kt-inside-inner-col:before{opacity:0.3;}.kadence-column3_5dcdcd-52{position:relative;}@media all and (max-width: 1024px){.kadence-column3_5dcdcd-52 > .kt-inside-inner-col{flex-direction:column;}}@media all and (max-width: 767px){.kadence-column3_5dcdcd-52 > .kt-inside-inner-col{flex-direction:column;}}<\/style>\n<div class=\"wp-block-kadence-column kadence-column3_5dcdcd-52\"><div class=\"kt-inside-inner-col\"><style>.wp-block-kadence-advancedheading.kt-adv-heading3_48a651-0c, .wp-block-kadence-advancedheading.kt-adv-heading3_48a651-0c[data-kb-block=\"kb-adv-heading3_48a651-0c\"]{text-align:center;font-size:var(--global-kb-font-size-xl, 3rem);font-weight:300;font-style:normal;}.wp-block-kadence-advancedheading.kt-adv-heading3_48a651-0c mark.kt-highlight, .wp-block-kadence-advancedheading.kt-adv-heading3_48a651-0c[data-kb-block=\"kb-adv-heading3_48a651-0c\"] mark.kt-highlight{font-style:normal;color:#f76a0c;-webkit-box-decoration-break:clone;box-decoration-break:clone;padding-top:0px;padding-right:0px;padding-bottom:0px;padding-left:0px;}<\/style>\n<h1 class=\"kt-adv-heading3_48a651-0c wp-block-kadence-advancedheading has-theme-palette-1-color has-text-color\" data-kb-block=\"kb-adv-heading3_48a651-0c\">Aviso legal<\/h1>\n\n\n\n<p class=\"has-theme-palette-1-color has-text-color has-link-color wp-elements-6a02a42d6995ef9dbb584f92ff02ae74\">En cumplimiento de la Ley 34\/2002, de 11 de julio, de Servicios de la Sociedad de la Informaci\u00f3n y de Comercio Electr\u00f3nico (LSSI-CE), la empresa le informa que es titular del sitio web. De acuerdo con la exigencia del art\u00edculo 10 de la citada Ley, informa de los siguientes datos:<\/p>\n\n\n\n<p class=\"has-theme-palette-1-color has-text-color has-link-color wp-elements-3126a9977a7efe390aecf8deddff45ba\">El titular de este sitio web es:<\/p>\n\n\n\n<p class=\"has-theme-palette-1-color has-text-color has-link-color wp-elements-9a8a1ff6006dcea26f768621397d35c0\"><strong>Nombre:<\/strong> FUNDACI\u00d3 DE LA COMUNITAT VALENCIANA SCITO<br><strong>NIF:<\/strong> G98214604<br><strong>Direcci\u00f3n:<\/strong><br>Carrer Poeta Mas y Ros, 130, 1BJ.DCH.<br>46022, Val\u00e8ncia (Val\u00e8ncia)<br>Espa\u00f1a<\/p>\n\n\n\n<p class=\"has-theme-palette-1-color has-text-color has-link-color wp-elements-9343b2f1a5dc3329416aa1e159ddab6b\">De ahora en adelante <strong>la fundaci\u00f3n<\/strong>.<\/p>\n\n\n<style>.wp-block-kadence-advancedheading.kt-adv-heading3_99a1c4-cf, .wp-block-kadence-advancedheading.kt-adv-heading3_99a1c4-cf[data-kb-block=\"kb-adv-heading3_99a1c4-cf\"]{font-weight:300;font-style:normal;}.wp-block-kadence-advancedheading.kt-adv-heading3_99a1c4-cf mark.kt-highlight, .wp-block-kadence-advancedheading.kt-adv-heading3_99a1c4-cf[data-kb-block=\"kb-adv-heading3_99a1c4-cf\"] mark.kt-highlight{font-style:normal;color:#f76a0c;-webkit-box-decoration-break:clone;box-decoration-break:clone;padding-top:0px;padding-right:0px;padding-bottom:0px;padding-left:0px;}<\/style>\n<h2 class=\"kt-adv-heading3_99a1c4-cf wp-block-kadence-advancedheading has-theme-palette-1-color has-text-color\" data-kb-block=\"kb-adv-heading3_99a1c4-cf\">Usuarios<\/h2>\n\n\n\n<p class=\"has-theme-palette-1-color has-text-color has-link-color wp-elements-5e8ba5f3e809b7d4cc1f402a1d007625\">El acceso y\/o uso de este portal le atribuye la condici\u00f3n de USUARIO, que acepta, desde dicho acceso y\/o uso, las Condiciones Generales de Uso aqu\u00ed reflejadas. Las citadas Condiciones ser\u00e1n de aplicaci\u00f3n independientemente de las Condiciones Generales de Contrataci\u00f3n que en su caso resulten de obligado cumplimiento.<\/p>\n\n\n<style>.wp-block-kadence-advancedheading.kt-adv-heading3_e2bcdb-0e, .wp-block-kadence-advancedheading.kt-adv-heading3_e2bcdb-0e[data-kb-block=\"kb-adv-heading3_e2bcdb-0e\"]{font-weight:300;font-style:normal;}.wp-block-kadence-advancedheading.kt-adv-heading3_e2bcdb-0e mark.kt-highlight, .wp-block-kadence-advancedheading.kt-adv-heading3_e2bcdb-0e[data-kb-block=\"kb-adv-heading3_e2bcdb-0e\"] mark.kt-highlight{font-style:normal;color:#f76a0c;-webkit-box-decoration-break:clone;box-decoration-break:clone;padding-top:0px;padding-right:0px;padding-bottom:0px;padding-left:0px;}<\/style>\n<h2 class=\"kt-adv-heading3_e2bcdb-0e wp-block-kadence-advancedheading has-theme-palette-1-color has-text-color\" data-kb-block=\"kb-adv-heading3_e2bcdb-0e\">Uso del portal<\/h2>\n\n\n\n<p class=\"has-theme-palette-1-color has-text-color has-link-color wp-elements-cb8e509c3cabba9b6bf32673541ffad6\">La p\u00e1gina web proporciona el acceso a multitud de informaciones, servicios, programas o datos (en adelante, \u201clos contenidos\u201d) en Internet pertenecientes a <strong>la fundaci\u00f3n<\/strong> o a sus licenciantes a los que el USUARIO pueda tener acceso. El USUARIO asume la responsabilidad del uso del portal. Dicha responsabilidad se extiende al registro que fuese necesario para acceder a determinados servicios o contenidos.<\/p>\n\n\n\n<p class=\"has-theme-palette-1-color has-text-color has-link-color wp-elements-56538e2bb4839f7b5b008be9caa60173\">En dicho registro el USUARIO ser\u00e1 responsable de aportar informaci\u00f3n veraz y l\u00edcita. Como consecuencia de este registro, al USUARIO se le puede proporcionar una contrase\u00f1a de la que ser\u00e1 responsable, comprometi\u00e9ndose a hacer un uso diligente y confidencial de la misma. El USUARIO se compromete a hacer un uso adecuado de los contenidos y servicios que <strong>la fundaci\u00f3n<\/strong> ofrece a trav\u00e9s de su portal y con car\u00e1cter enunciativo, pero no limitativo, a no emplearlos para:<\/p>\n\n\n\n<p class=\"has-theme-palette-1-color has-text-color has-link-color wp-elements-a9ccb65f1a7136dd1661569bb6fe48cc\">incurrir en actividades il\u00edcitas, ilegales o contrarias a la buena fe y al orden p\u00fablico<br>difundir contenidos o propaganda de car\u00e1cter racista, xen\u00f3fobo, pornogr\u00e1fico-ilegal, de apolog\u00eda del terrorismo o atentatorio contra los derechos humanos<br>provocar da\u00f1os en los sistemas f\u00edsicos y l\u00f3gicos de <strong>la fundaci\u00f3n<\/strong>, de sus proveedores o de terceras personas, introducir o difundir en la red virus inform\u00e1ticos o cualesquiera otros sistemas f\u00edsicos o l\u00f3gicos que sean susceptibles de provocar los da\u00f1os anteriormente mencionados;<br>intentar acceder y, en su caso, utilizar las cuentas de correo electr\u00f3nico de otros usuarios y modificar manipular sus mensajes. <strong>la fundaci\u00f3n<\/strong> se reserva el derecho de retirar todos aquellos comentarios y aportaciones que vulneren el respeto a la dignidad de la persona, que sean discriminatorios, xen\u00f3fobos, racistas, pornogr\u00e1ficos, que atenten contra la juventud o la infancia, el orden o la seguridad p\u00fablica o que, a su juicio, no resultaran adecuados para su publicaci\u00f3n. En cualquier caso, <strong>la fundaci\u00f3n<\/strong> no ser\u00e1 responsable de las opiniones vertidas por los usuarios a trav\u00e9s de los foros, chats, u otras herramientas de participaci\u00f3n.<\/p>\n\n\n<style>.wp-block-kadence-advancedheading.kt-adv-heading3_26cf4b-d2, .wp-block-kadence-advancedheading.kt-adv-heading3_26cf4b-d2[data-kb-block=\"kb-adv-heading3_26cf4b-d2\"]{font-weight:300;font-style:normal;}.wp-block-kadence-advancedheading.kt-adv-heading3_26cf4b-d2 mark.kt-highlight, .wp-block-kadence-advancedheading.kt-adv-heading3_26cf4b-d2[data-kb-block=\"kb-adv-heading3_26cf4b-d2\"] mark.kt-highlight{font-style:normal;color:#f76a0c;-webkit-box-decoration-break:clone;box-decoration-break:clone;padding-top:0px;padding-right:0px;padding-bottom:0px;padding-left:0px;}<\/style>\n<h2 class=\"kt-adv-heading3_26cf4b-d2 wp-block-kadence-advancedheading has-theme-palette-1-color has-text-color\" data-kb-block=\"kb-adv-heading3_26cf4b-d2\">Propiedad intelectual e industrial<\/h2>\n\n\n\n<p class=\"has-theme-palette-1-color has-text-color has-link-color wp-elements-895b47fcd3886e30e471e09c7c2eb308\"><strong>la fundaci\u00f3n<\/strong> ser\u00e1 titular de todos los derechos de propiedad intelectual e industrial de su p\u00e1gina web, as\u00ed como de los elementos contenidos en la misma (a t\u00edtulo enunciativo, im\u00e1genes, sonido, audio, v\u00eddeo, software o textos; marcas o logotipos, combinaciones de colores, estructura y dise\u00f1o, selecci\u00f3n de materiales usados, programas de ordenador necesarios para su funcionamiento, acceso y uso, etc.).<\/p>\n\n\n\n<p class=\"has-theme-palette-1-color has-text-color has-link-color wp-elements-51701f3ca6b72c3c84c18c1816dae630\">Todos los derechos reservados. En virtud de lo dispuesto en los art\u00edculos 8 y 32.1, p\u00e1rrafo segundo, de la Ley de Propiedad Intelectual, quedan expresamente prohibidas la reproducci\u00f3n, la distribuci\u00f3n y la comunicaci\u00f3n p\u00fablica, incluida su modalidad de puesta a disposici\u00f3n, de la totalidad o parte de los contenidos de esta p\u00e1gina web, con fines comerciales, en cualquier soporte y por cualquier medio t\u00e9cnico, sin la autorizaci\u00f3n de <strong>la fundaci\u00f3n<\/strong>. El USUARIO se compromete a respetar los derechos de Propiedad Intelectual e Industrial titularidad de <strong>la fundaci\u00f3n<\/strong>. Podr\u00e1 visualizar los elementos del portal e incluso imprimirlos, copiarlos y almacenarlos en el disco duro de su ordenador o en cualquier otro soporte f\u00edsico siempre y cuando sea, \u00fanica y exclusivamente, para su uso personal y privado. El USUARIO deber\u00e1 abstenerse de suprimir, alterar, eludir o manipular cualquier dispositivo de protecci\u00f3n o sistema de seguridad que estuviera instalado en el las p\u00e1ginas de <strong>la fundaci\u00f3n<\/strong>.<\/p>\n\n\n<style>.wp-block-kadence-advancedheading.kt-adv-heading3_e3d293-07, .wp-block-kadence-advancedheading.kt-adv-heading3_e3d293-07[data-kb-block=\"kb-adv-heading3_e3d293-07\"]{font-weight:300;font-style:normal;}.wp-block-kadence-advancedheading.kt-adv-heading3_e3d293-07 mark.kt-highlight, .wp-block-kadence-advancedheading.kt-adv-heading3_e3d293-07[data-kb-block=\"kb-adv-heading3_e3d293-07\"] mark.kt-highlight{font-style:normal;color:#f76a0c;-webkit-box-decoration-break:clone;box-decoration-break:clone;padding-top:0px;padding-right:0px;padding-bottom:0px;padding-left:0px;}<\/style>\n<h2 class=\"kt-adv-heading3_e3d293-07 wp-block-kadence-advancedheading has-theme-palette-1-color has-text-color\" data-kb-block=\"kb-adv-heading3_e3d293-07\">Exclusi\u00f3n de garant\u00edas y responsabilidad<\/h2>\n\n\n\n<p class=\"has-theme-palette-1-color has-text-color has-link-color wp-elements-ab16b79f75df3040dbc549f2ea7057ae\"><strong>la fundaci\u00f3n<\/strong> no se hace responsable, en ning\u00fan caso, de los da\u00f1os y perjuicios de cualquier naturaleza que pudieran ocasionar, a t\u00edtulo enunciativo: errores u omisiones en los contenidos, falta de disponibilidad del portal o la transmisi\u00f3n de virus o programas maliciosos o lesivos en los contenidos, a pesar de haber adoptado todas las medidas tecnol\u00f3gicas necesarias para evitarlo.<\/p>\n\n\n<style>.wp-block-kadence-advancedheading.kt-adv-heading3_e84c87-26, .wp-block-kadence-advancedheading.kt-adv-heading3_e84c87-26[data-kb-block=\"kb-adv-heading3_e84c87-26\"]{font-weight:300;font-style:normal;}.wp-block-kadence-advancedheading.kt-adv-heading3_e84c87-26 mark.kt-highlight, .wp-block-kadence-advancedheading.kt-adv-heading3_e84c87-26[data-kb-block=\"kb-adv-heading3_e84c87-26\"] mark.kt-highlight{font-style:normal;color:#f76a0c;-webkit-box-decoration-break:clone;box-decoration-break:clone;padding-top:0px;padding-right:0px;padding-bottom:0px;padding-left:0px;}<\/style>\n<h2 class=\"kt-adv-heading3_e84c87-26 wp-block-kadence-advancedheading has-theme-palette-1-color has-text-color\" data-kb-block=\"kb-adv-heading3_e84c87-26\">Modificaciones<\/h2>\n\n\n\n<p class=\"has-theme-palette-1-color has-text-color has-link-color wp-elements-c1af2ef2185dceb074da76e38c11ad8a\"><strong>la fundaci\u00f3n<\/strong> se reserva el derecho de efectuar sin previo aviso las modificaciones que considere oportunas en su portal, pudiendo cambiar, suprimir o a\u00f1adir tanto los contenidos y servicios que se presten a trav\u00e9s de la misma como la forma en la que \u00e9stos aparezcan presentados o localizados en su portal.<\/p>\n\n\n<style>.wp-block-kadence-advancedheading.kt-adv-heading3_7d696e-5b, .wp-block-kadence-advancedheading.kt-adv-heading3_7d696e-5b[data-kb-block=\"kb-adv-heading3_7d696e-5b\"]{font-weight:300;font-style:normal;}.wp-block-kadence-advancedheading.kt-adv-heading3_7d696e-5b mark.kt-highlight, .wp-block-kadence-advancedheading.kt-adv-heading3_7d696e-5b[data-kb-block=\"kb-adv-heading3_7d696e-5b\"] mark.kt-highlight{font-style:normal;color:#f76a0c;-webkit-box-decoration-break:clone;box-decoration-break:clone;padding-top:0px;padding-right:0px;padding-bottom:0px;padding-left:0px;}<\/style>\n<h2 class=\"kt-adv-heading3_7d696e-5b wp-block-kadence-advancedheading has-theme-palette-1-color has-text-color\" data-kb-block=\"kb-adv-heading3_7d696e-5b\">Enlaces<\/h2>\n\n\n\n<p class=\"has-theme-palette-1-color has-text-color has-link-color wp-elements-1022b79d5b10ccc35845925ffe48ed56\">En el caso de que en la p\u00e1gina web se dispusiesen enlaces o hiperv\u00ednculos hac\u00eda otros sitios de Internet, <strong>la fundaci\u00f3n<\/strong> no ejercer\u00e1 ning\u00fan tipo de control sobre dichos sitios y contenidos. En ning\u00fan caso <strong>la fundaci\u00f3n<\/strong> asumir\u00e1 responsabilidad alguna por los contenidos de alg\u00fan enlace perteneciente a un sitio web ajeno, ni garantizar\u00e1 la disponibilidad t\u00e9cnica, calidad, fiabilidad, exactitud, amplitud, veracidad, validez y constitucionalidad de cualquier material o informaci\u00f3n contenida en ninguno de dichos hiperv\u00ednculos u otros sitios de Internet.<\/p>\n\n\n\n<p class=\"has-theme-palette-1-color has-text-color has-link-color wp-elements-133b1087e1dc4517d1f112f8b80cedb2\">Igualmente, la inclusi\u00f3n de estas conexiones externas no implicar\u00e1 ning\u00fan tipo de asociaci\u00f3n, fusi\u00f3n o participaci\u00f3n con las entidades conectadas.<\/p>\n\n\n<style>.wp-block-kadence-advancedheading.kt-adv-heading3_8d9959-ae, .wp-block-kadence-advancedheading.kt-adv-heading3_8d9959-ae[data-kb-block=\"kb-adv-heading3_8d9959-ae\"]{font-weight:300;font-style:normal;}.wp-block-kadence-advancedheading.kt-adv-heading3_8d9959-ae mark.kt-highlight, .wp-block-kadence-advancedheading.kt-adv-heading3_8d9959-ae[data-kb-block=\"kb-adv-heading3_8d9959-ae\"] mark.kt-highlight{font-style:normal;color:#f76a0c;-webkit-box-decoration-break:clone;box-decoration-break:clone;padding-top:0px;padding-right:0px;padding-bottom:0px;padding-left:0px;}<\/style>\n<h2 class=\"kt-adv-heading3_8d9959-ae wp-block-kadence-advancedheading has-theme-palette-1-color has-text-color\" data-kb-block=\"kb-adv-heading3_8d9959-ae\">Derecho de exclusi\u00f3n<\/h2>\n\n\n\n<p class=\"has-theme-palette-1-color has-text-color has-link-color wp-elements-3a9fd59ad1e556fbfab88d6330f078e6\"><strong>La fundaci\u00f3n<\/strong> se reserva el derecho a denegar o retirar el acceso a portal y\/o los servicios ofrecidos sin necesidad de preaviso, a instancia propia o de un tercero, a aquellos usuarios que incumplan las presentes Condiciones Generales de Uso.<\/p>\n\n\n<style>.wp-block-kadence-advancedheading.kt-adv-heading3_ece2c9-44, .wp-block-kadence-advancedheading.kt-adv-heading3_ece2c9-44[data-kb-block=\"kb-adv-heading3_ece2c9-44\"]{font-weight:300;font-style:normal;}.wp-block-kadence-advancedheading.kt-adv-heading3_ece2c9-44 mark.kt-highlight, .wp-block-kadence-advancedheading.kt-adv-heading3_ece2c9-44[data-kb-block=\"kb-adv-heading3_ece2c9-44\"] mark.kt-highlight{font-style:normal;color:#f76a0c;-webkit-box-decoration-break:clone;box-decoration-break:clone;padding-top:0px;padding-right:0px;padding-bottom:0px;padding-left:0px;}<\/style>\n<h2 class=\"kt-adv-heading3_ece2c9-44 wp-block-kadence-advancedheading has-theme-palette-1-color has-text-color\" data-kb-block=\"kb-adv-heading3_ece2c9-44\">Generalidades<\/h2>\n\n\n\n<p class=\"has-theme-palette-1-color has-text-color has-link-color wp-elements-0580073f2ae95e7aeee206faf3f2d07b\"><strong>La fundaci\u00f3n<\/strong> perseguir\u00e1 el incumplimiento de las presentes condiciones, as\u00ed como cualquier utilizaci\u00f3n indebida de su portal ejerciendo todas las acciones civiles y penales que le puedan corresponder en derecho.<\/p>\n\n\n<style>.wp-block-kadence-advancedheading.kt-adv-heading3_8cca88-19, .wp-block-kadence-advancedheading.kt-adv-heading3_8cca88-19[data-kb-block=\"kb-adv-heading3_8cca88-19\"]{font-weight:300;font-style:normal;}.wp-block-kadence-advancedheading.kt-adv-heading3_8cca88-19 mark.kt-highlight, .wp-block-kadence-advancedheading.kt-adv-heading3_8cca88-19[data-kb-block=\"kb-adv-heading3_8cca88-19\"] mark.kt-highlight{font-style:normal;color:#f76a0c;-webkit-box-decoration-break:clone;box-decoration-break:clone;padding-top:0px;padding-right:0px;padding-bottom:0px;padding-left:0px;}<\/style>\n<h2 class=\"kt-adv-heading3_8cca88-19 wp-block-kadence-advancedheading has-theme-palette-1-color has-text-color\" data-kb-block=\"kb-adv-heading3_8cca88-19\">Modificaci\u00f3n de las presentes condiciones y duraci\u00f3n<\/h2>\n\n\n\n<p class=\"has-theme-palette-1-color has-text-color has-link-color wp-elements-240171038b8edf083c72a857fec5872e\"><strong>La fundaci\u00f3n<\/strong> podr\u00e1 modificar en cualquier momento las condiciones aqu\u00ed determinadas, siendo debidamente publicadas como aqu\u00ed aparecen.<\/p>\n\n\n\n<p class=\"has-theme-palette-1-color has-text-color has-link-color wp-elements-846cbd89c10b3827c28484098b9c892b\">La vigencia de las citadas condiciones ir\u00e1 en funci\u00f3n de su exposici\u00f3n y estar\u00e1n vigentes hasta que sean modificadas por otras debidamente publicadas.<\/p>\n\n\n<style>.wp-block-kadence-advancedheading.kt-adv-heading3_1d6892-3d, .wp-block-kadence-advancedheading.kt-adv-heading3_1d6892-3d[data-kb-block=\"kb-adv-heading3_1d6892-3d\"]{font-weight:300;font-style:normal;}.wp-block-kadence-advancedheading.kt-adv-heading3_1d6892-3d mark.kt-highlight, .wp-block-kadence-advancedheading.kt-adv-heading3_1d6892-3d[data-kb-block=\"kb-adv-heading3_1d6892-3d\"] mark.kt-highlight{font-style:normal;color:#f76a0c;-webkit-box-decoration-break:clone;box-decoration-break:clone;padding-top:0px;padding-right:0px;padding-bottom:0px;padding-left:0px;}<\/style>\n<h2 class=\"kt-adv-heading3_1d6892-3d wp-block-kadence-advancedheading has-theme-palette-1-color has-text-color\" data-kb-block=\"kb-adv-heading3_1d6892-3d\">Legislaci\u00f3n aplicable y jurisdicci\u00f3n<\/h2>\n\n\n\n<p class=\"has-theme-palette-1-color has-text-color has-link-color wp-elements-fca9c4fb41aef75ad263e94f496eca29\">La relaci\u00f3n entre <strong>la fundaci\u00f3n<\/strong> y el USUARIO se regir\u00e1 por la normativa espa\u00f1ola vigente y cualquier controversia se someter\u00e1 a los Juzgados y tribunales de la ciudad anteriormente indicada.<\/p>\n<\/div><\/div>\n\n<\/div><\/div>","protected":false},"excerpt":{"rendered":"<p>Aviso legal En cumplimiento de la Ley 34\/2002, de 11 de julio, de Servicios de la Sociedad de la Informaci\u00f3n y de Comercio Electr\u00f3nico (LSSI-CE), la empresa le informa que es titular del sitio web. De acuerdo con la exigencia del art\u00edculo 10 de la citada Ley, informa de los siguientes datos: El titular de&#8230;<\/p>","protected":false},"author":1,"featured_media":0,"parent":0,"menu_order":0,"comment_status":"closed","ping_status":"closed","template":"","meta":{"_kad_blocks_custom_css":"","_kad_blocks_head_custom_js":"","_kad_blocks_body_custom_js":"","_kad_blocks_footer_custom_js":"","_kadence_starter_templates_imported_post":false,"_kad_post_transparent":"","_kad_post_title":"","_kad_post_layout":"","_kad_post_sidebar_id":"","_kad_post_content_style":"","_kad_post_vertical_padding":"","_kad_post_feature":"","_kad_post_feature_position":"","_kad_post_header":false,"_kad_post_footer":false,"footnotes":""},"class_list":["post-3","page","type-page","status-publish","hentry"],"taxonomy_info":[],"featured_image_src_large":false,"author_info":{"display_name":"admin","author_link":"https:\/\/coeves.com\/en\/author\/office_zfvnwsff\/"},"comment_info":0,"_links":{"self":[{"href":"https:\/\/coeves.com\/en\/wp-json\/wp\/v2\/pages\/3","targetHints":{"allow":["GET"]}}],"collection":[{"href":"https:\/\/coeves.com\/en\/wp-json\/wp\/v2\/pages"}],"about":[{"href":"https:\/\/coeves.com\/en\/wp-json\/wp\/v2\/types\/page"}],"author":[{"embeddable":true,"href":"https:\/\/coeves.com\/en\/wp-json\/wp\/v2\/users\/1"}],"replies":[{"embeddable":true,"href":"https:\/\/coeves.com\/en\/wp-json\/wp\/v2\/comments?post=3"}],"version-history":[{"count":4,"href":"https:\/\/coeves.com\/en\/wp-json\/wp\/v2\/pages\/3\/revisions"}],"predecessor-version":[{"id":208,"href":"https:\/\/coeves.com\/en\/wp-json\/wp\/v2\/pages\/3\/revisions\/208"}],"wp:attachment":[{"href":"https:\/\/coeves.com\/en\/wp-json\/wp\/v2\/media?parent=3"}],"curies":[{"name":"wp","href":"https:\/\/api.w.org\/{rel}","templated":true}]}}