{"id":3,"date":"2024-10-22T09:35:34","date_gmt":"2024-10-22T09:35:34","guid":{"rendered":"https:\/\/scitoevents.com\/?page_id=3"},"modified":"2024-10-30T12:26:16","modified_gmt":"2024-10-30T12:26:16","slug":"informacion-legal","status":"publish","type":"page","link":"https:\/\/coeves.com\/ca\/informacion-legal\/","title":{"rendered":"Informaci\u00f3n Legal"},"content":{"rendered":"<style>.kb-row-layout-id3_dd2478-78 > .kt-row-column-wrap{align-content:start;}:where(.kb-row-layout-id3_dd2478-78 > .kt-row-column-wrap) > .wp-block-kadence-column{justify-content:start;}.kb-row-layout-id3_dd2478-78 > .kt-row-column-wrap{column-gap:var(--global-kb-gap-md, 2rem);row-gap:var(--global-kb-gap-md, 2rem);max-width:var( --global-content-width, 1290px );padding-left:var(--global-content-edge-padding);padding-right:var(--global-content-edge-padding);padding-top:var(--global-kb-spacing-4xl, 8rem);padding-bottom:var(--global-kb-spacing-xl, 4rem);grid-template-columns:minmax(0, 1fr);}.kb-row-layout-id3_dd2478-78 > .kt-row-layout-overlay{opacity:0.30;}@media all and (max-width: 1024px){.kb-row-layout-id3_dd2478-78 > .kt-row-column-wrap{grid-template-columns:minmax(0, 1fr);}}@media all and (max-width: 767px){.kb-row-layout-id3_dd2478-78 > .kt-row-column-wrap{grid-template-columns:minmax(0, 1fr);}}<\/style><div class=\"kb-row-layout-wrap kb-row-layout-id3_dd2478-78 alignnone wp-block-kadence-rowlayout\"><div class=\"kt-row-column-wrap kt-has-1-columns kt-row-layout-equal kt-tab-layout-inherit kt-mobile-layout-row kt-row-valign-top kb-theme-content-width\">\n<style>.kadence-column3_5dcdcd-52 > .kt-inside-inner-col,.kadence-column3_5dcdcd-52 > .kt-inside-inner-col:before{border-top-left-radius:0px;border-top-right-radius:0px;border-bottom-right-radius:0px;border-bottom-left-radius:0px;}.kadence-column3_5dcdcd-52 > .kt-inside-inner-col{column-gap:var(--global-kb-gap-sm, 1rem);}.kadence-column3_5dcdcd-52 > .kt-inside-inner-col{flex-direction:column;}.kadence-column3_5dcdcd-52 > .kt-inside-inner-col > .aligncenter{width:100%;}.kadence-column3_5dcdcd-52 > .kt-inside-inner-col:before{opacity:0.3;}.kadence-column3_5dcdcd-52{position:relative;}@media all and (max-width: 1024px){.kadence-column3_5dcdcd-52 > .kt-inside-inner-col{flex-direction:column;}}@media all and (max-width: 767px){.kadence-column3_5dcdcd-52 > .kt-inside-inner-col{flex-direction:column;}}<\/style>\n<div class=\"wp-block-kadence-column kadence-column3_5dcdcd-52\"><div class=\"kt-inside-inner-col\"><style>.wp-block-kadence-advancedheading.kt-adv-heading3_48a651-0c, .wp-block-kadence-advancedheading.kt-adv-heading3_48a651-0c[data-kb-block=\"kb-adv-heading3_48a651-0c\"]{text-align:center;font-size:var(--global-kb-font-size-xl, 3rem);font-weight:300;font-style:normal;}.wp-block-kadence-advancedheading.kt-adv-heading3_48a651-0c mark.kt-highlight, .wp-block-kadence-advancedheading.kt-adv-heading3_48a651-0c[data-kb-block=\"kb-adv-heading3_48a651-0c\"] mark.kt-highlight{font-style:normal;color:#f76a0c;-webkit-box-decoration-break:clone;box-decoration-break:clone;padding-top:0px;padding-right:0px;padding-bottom:0px;padding-left:0px;}<\/style>\n<h1 class=\"kt-adv-heading3_48a651-0c wp-block-kadence-advancedheading has-theme-palette-1-color has-text-color\" data-kb-block=\"kb-adv-heading3_48a651-0c\">Av\u00eds legal<\/h1>\n\n\n\n<p class=\"has-theme-palette-1-color has-text-color has-link-color wp-elements-6a02a42d6995ef9dbb584f92ff02ae74\">En compliment de la Llei 34\/2002, d'11 de juliol, de Servicis de la Societat de la Informaci\u00f3 i de Comer\u00e7 Electr\u00f2nic (LSSI-CE), l'empresa l'informa que \u00e9s titular del lloc web. D'acord amb l'exig\u00e8ncia de l'article 10 de la citada Llei, informa de les seg\u00fcents dades:<\/p>\n\n\n\n<p class=\"has-theme-palette-1-color has-text-color has-link-color wp-elements-3126a9977a7efe390aecf8deddff45ba\">El titular d'este lloc web \u00e9s:<\/p>\n\n\n\n<p class=\"has-theme-palette-1-color has-text-color has-link-color wp-elements-9a8a1ff6006dcea26f768621397d35c0\"><strong>Nom:<\/strong> FUNDACI\u00d3 DE LA COMUNITAT VALENCIANA SCITO<br><strong>NIF:<\/strong> G98214604<br><strong>Adre\u00e7a:<\/strong><br>Carrer Poeta Mas y Ros, 130, 1BJ.DCH.<br>46022, Val\u00e8ncia (Val\u00e8ncia)<br>Espa\u00f1a<\/p>\n\n\n\n<p class=\"has-theme-palette-1-color has-text-color has-link-color wp-elements-9343b2f1a5dc3329416aa1e159ddab6b\">D'ara en avant <strong>la fundaci\u00f3n<\/strong>.<\/p>\n\n\n<style>.wp-block-kadence-advancedheading.kt-adv-heading3_99a1c4-cf, .wp-block-kadence-advancedheading.kt-adv-heading3_99a1c4-cf[data-kb-block=\"kb-adv-heading3_99a1c4-cf\"]{font-weight:300;font-style:normal;}.wp-block-kadence-advancedheading.kt-adv-heading3_99a1c4-cf mark.kt-highlight, .wp-block-kadence-advancedheading.kt-adv-heading3_99a1c4-cf[data-kb-block=\"kb-adv-heading3_99a1c4-cf\"] mark.kt-highlight{font-style:normal;color:#f76a0c;-webkit-box-decoration-break:clone;box-decoration-break:clone;padding-top:0px;padding-right:0px;padding-bottom:0px;padding-left:0px;}<\/style>\n<h2 class=\"kt-adv-heading3_99a1c4-cf wp-block-kadence-advancedheading has-theme-palette-1-color has-text-color\" data-kb-block=\"kb-adv-heading3_99a1c4-cf\">Usuaris<\/h2>\n\n\n\n<p class=\"has-theme-palette-1-color has-text-color has-link-color wp-elements-5e8ba5f3e809b7d4cc1f402a1d007625\">L'acc\u00e9s i\/o \u00fas d'este portal li atribu\u00efx la condici\u00f3 d'USUARI, que accepta, des d'este acc\u00e9s i\/o \u00fas, les Condicions Generals d'\u00das ac\u00ed reflectides. Les citades Condicions seran aplicables independentment de les Condicions Generals de Contractaci\u00f3 que resulten d'obligat compliment.<\/p>\n\n\n<style>.wp-block-kadence-advancedheading.kt-adv-heading3_e2bcdb-0e, .wp-block-kadence-advancedheading.kt-adv-heading3_e2bcdb-0e[data-kb-block=\"kb-adv-heading3_e2bcdb-0e\"]{font-weight:300;font-style:normal;}.wp-block-kadence-advancedheading.kt-adv-heading3_e2bcdb-0e mark.kt-highlight, .wp-block-kadence-advancedheading.kt-adv-heading3_e2bcdb-0e[data-kb-block=\"kb-adv-heading3_e2bcdb-0e\"] mark.kt-highlight{font-style:normal;color:#f76a0c;-webkit-box-decoration-break:clone;box-decoration-break:clone;padding-top:0px;padding-right:0px;padding-bottom:0px;padding-left:0px;}<\/style>\n<h2 class=\"kt-adv-heading3_e2bcdb-0e wp-block-kadence-advancedheading has-theme-palette-1-color has-text-color\" data-kb-block=\"kb-adv-heading3_e2bcdb-0e\">\u00das del portal<\/h2>\n\n\n\n<p class=\"has-theme-palette-1-color has-text-color has-link-color wp-elements-cb8e509c3cabba9b6bf32673541ffad6\">La p\u00e0gina web proporciona l'acc\u00e9s a multitud d'informacions, servicis, programes o dades (d'ara en avant, \u201cels continguts\u201d) en Internet pertanyents a <strong>la fundaci\u00f3n<\/strong> o als seus llicenciadors als quals l'USUARI puga tindre acc\u00e9s. L'USUARI assumix la responsabilitat de l'\u00fas del portal. Esta responsabilitat s'est\u00e9n al registre que fora necessari per a accedir a determinats servicis o continguts.<\/p>\n\n\n\n<p class=\"has-theme-palette-1-color has-text-color has-link-color wp-elements-56538e2bb4839f7b5b008be9caa60173\">En este registre l'USUARI ser\u00e0 responsable d'aportar informaci\u00f3 vera\u00e7 i l\u00edcita. A conseq\u00fc\u00e8ncia d'este registre, a l'USUARI se li pot proporcionar una contrasenya de la qual ser\u00e0 responsable, comprometent-se a fer un \u00fas diligent i confidencial d'esta. L'USUARI es compromet a fer un \u00fas adequat dels continguts i servicis que <strong>la fundaci\u00f3n<\/strong> oferix a trav\u00e9s del seu portal i amb car\u00e0cter enunciatiu, per\u00f2 no limitatiu, a no emprar-los per a:<\/p>\n\n\n\n<p class=\"has-theme-palette-1-color has-text-color has-link-color wp-elements-a9ccb65f1a7136dd1661569bb6fe48cc\">Inc\u00f3rrer en activitats il\u00b7l\u00edcites, il\u00b7legals o contr\u00e0ries a la bona fe i a l'orde p\u00fablic<br>Difondre continguts o propaganda de car\u00e0cter racista, xen\u00f2fob, pornogr\u00e0fic-il\u00b7legal, d'apologia del terrorisme o atemptatori contra els drets humans<br>Provocar danys en els sistemes f\u00edsics i l\u00f2gics de <strong>la fundaci\u00f3n<\/strong>dels seus prove\u00efdors o de terceres persones, introduir o difondre en la xarxa virus inform\u00e0tics o qualssevol altres sistemes f\u00edsics o l\u00f2gics que siguen susceptibles de provocar els danys anteriorment esmentats;<br>Intentar accedir i, si \u00e9s el cas, utilitzar els comptes de correu electr\u00f2nic d'altres usuaris i modificar manipular els seus missatges. <strong>la fundaci\u00f3n<\/strong> es reserva el dret de retirar tots aquells comentaris i aportacions que vulneren el respecte a la dignitat de la persona, que siguen discriminatoris, xen\u00f2fobs, racistes, pornogr\u00e0fics, que atempten contra la joventut o la inf\u00e0ncia, l'orde o la seguretat p\u00fablica o que, al seu ju\u00ed, no resultaren adequats per a la seua publicaci\u00f3. En qualsevol cas, <strong>la fundaci\u00f3n<\/strong> no ser\u00e0 responsable de les opinions abocades pels usuaris a trav\u00e9s dels f\u00f2rums, xats, o altres ferramentes de participaci\u00f3.<\/p>\n\n\n<style>.wp-block-kadence-advancedheading.kt-adv-heading3_26cf4b-d2, .wp-block-kadence-advancedheading.kt-adv-heading3_26cf4b-d2[data-kb-block=\"kb-adv-heading3_26cf4b-d2\"]{font-weight:300;font-style:normal;}.wp-block-kadence-advancedheading.kt-adv-heading3_26cf4b-d2 mark.kt-highlight, .wp-block-kadence-advancedheading.kt-adv-heading3_26cf4b-d2[data-kb-block=\"kb-adv-heading3_26cf4b-d2\"] mark.kt-highlight{font-style:normal;color:#f76a0c;-webkit-box-decoration-break:clone;box-decoration-break:clone;padding-top:0px;padding-right:0px;padding-bottom:0px;padding-left:0px;}<\/style>\n<h2 class=\"kt-adv-heading3_26cf4b-d2 wp-block-kadence-advancedheading has-theme-palette-1-color has-text-color\" data-kb-block=\"kb-adv-heading3_26cf4b-d2\">Propietat intel\u00b7lectual i industrial<\/h2>\n\n\n\n<p class=\"has-theme-palette-1-color has-text-color has-link-color wp-elements-895b47fcd3886e30e471e09c7c2eb308\"><strong>la fundaci\u00f3n<\/strong> ser\u00e0 titular de tots els drets de propietat intel\u00b7lectual i industrial de la seua p\u00e0gina web, aix\u00ed com dels elements continguts en la mateixa (a t\u00edtol enunciatiu, imatges, so, \u00e0udio, v\u00eddeo, programari o textos; marques o logotips, combinacions de colors, estructura i disseny, selecci\u00f3 de materials usats, programes d'ordinador necessaris per al seu funcionament, acc\u00e9s i \u00fas, etc.).<\/p>\n\n\n\n<p class=\"has-theme-palette-1-color has-text-color has-link-color wp-elements-51701f3ca6b72c3c84c18c1816dae630\">Tots els drets reservats. En virtut del que es disposa en els articles 8 i 32.1, par\u00e0graf segon, de la Llei de Propietat Intel\u00b7lectual, queden expressament prohibides la reproducci\u00f3, la distribuci\u00f3 i la comunicaci\u00f3 p\u00fablica, inclosa la seua modalitat de posada a disposici\u00f3, de la totalitat o part dels continguts d'esta p\u00e0gina web, amb finalitats comercials, en qualsevol suport i per qualsevol mig t\u00e8cnic, sense l'autoritzaci\u00f3 de <strong>la fundaci\u00f3n<\/strong>. L'USUARI es compromet a respectar els drets de Propietat Intel\u00b7lectual i Industrial titularitat de <strong>la fundaci\u00f3n<\/strong>. Podr\u00e0 visualitzar els elements del portal i fins i tot imprimir-los, copiar-los i emmagatzemar-los en el disc dur del seu ordinador o en qualsevol altre suport f\u00edsic sempre que siga, exclusivament, per al seu \u00fas personal i privat. L'USUARI haur\u00e0 d'abstindre's de suprimir, alterar, eludir o manipular qualsevol dispositiu de protecci\u00f3 o sistema de seguretat que estiguera instal\u00b7lat en el les p\u00e0gines de <strong>la fundaci\u00f3n<\/strong>.<\/p>\n\n\n<style>.wp-block-kadence-advancedheading.kt-adv-heading3_e3d293-07, .wp-block-kadence-advancedheading.kt-adv-heading3_e3d293-07[data-kb-block=\"kb-adv-heading3_e3d293-07\"]{font-weight:300;font-style:normal;}.wp-block-kadence-advancedheading.kt-adv-heading3_e3d293-07 mark.kt-highlight, .wp-block-kadence-advancedheading.kt-adv-heading3_e3d293-07[data-kb-block=\"kb-adv-heading3_e3d293-07\"] mark.kt-highlight{font-style:normal;color:#f76a0c;-webkit-box-decoration-break:clone;box-decoration-break:clone;padding-top:0px;padding-right:0px;padding-bottom:0px;padding-left:0px;}<\/style>\n<h2 class=\"kt-adv-heading3_e3d293-07 wp-block-kadence-advancedheading has-theme-palette-1-color has-text-color\" data-kb-block=\"kb-adv-heading3_e3d293-07\">Exclusi\u00f3 de garanties i responsabilitat<\/h2>\n\n\n\n<p class=\"has-theme-palette-1-color has-text-color has-link-color wp-elements-ab16b79f75df3040dbc549f2ea7057ae\"><strong>la fundaci\u00f3n<\/strong> no es fa responsable, en cap cas, dels danys i perju\u00eds de qualsevol naturalesa que pogueren ocasionar, a t\u00edtol enunciatiu: errors o omissions en els continguts, falta de disponibilitat del portal o la transmissi\u00f3 de virus o programes maliciosos o lesius en els continguts, malgrat haver adoptat totes les mesures tecnol\u00f2giques necess\u00e0ries per a evitar-ho.<\/p>\n\n\n<style>.wp-block-kadence-advancedheading.kt-adv-heading3_e84c87-26, .wp-block-kadence-advancedheading.kt-adv-heading3_e84c87-26[data-kb-block=\"kb-adv-heading3_e84c87-26\"]{font-weight:300;font-style:normal;}.wp-block-kadence-advancedheading.kt-adv-heading3_e84c87-26 mark.kt-highlight, .wp-block-kadence-advancedheading.kt-adv-heading3_e84c87-26[data-kb-block=\"kb-adv-heading3_e84c87-26\"] mark.kt-highlight{font-style:normal;color:#f76a0c;-webkit-box-decoration-break:clone;box-decoration-break:clone;padding-top:0px;padding-right:0px;padding-bottom:0px;padding-left:0px;}<\/style>\n<h2 class=\"kt-adv-heading3_e84c87-26 wp-block-kadence-advancedheading has-theme-palette-1-color has-text-color\" data-kb-block=\"kb-adv-heading3_e84c87-26\">Modificacions<\/h2>\n\n\n\n<p class=\"has-theme-palette-1-color has-text-color has-link-color wp-elements-c1af2ef2185dceb074da76e38c11ad8a\"><strong>la fundaci\u00f3n<\/strong> es reserva el dret d'efectuar sense previ av\u00eds les modificacions que considere oportunes en el seu portal, podent canviar, suprimir o afegir tant els continguts i servicis que es presten a trav\u00e9s de la mateixa com la forma en la qual estos apareguen presentats o localitzats en el seu portal.<\/p>\n\n\n<style>.wp-block-kadence-advancedheading.kt-adv-heading3_7d696e-5b, .wp-block-kadence-advancedheading.kt-adv-heading3_7d696e-5b[data-kb-block=\"kb-adv-heading3_7d696e-5b\"]{font-weight:300;font-style:normal;}.wp-block-kadence-advancedheading.kt-adv-heading3_7d696e-5b mark.kt-highlight, .wp-block-kadence-advancedheading.kt-adv-heading3_7d696e-5b[data-kb-block=\"kb-adv-heading3_7d696e-5b\"] mark.kt-highlight{font-style:normal;color:#f76a0c;-webkit-box-decoration-break:clone;box-decoration-break:clone;padding-top:0px;padding-right:0px;padding-bottom:0px;padding-left:0px;}<\/style>\n<h2 class=\"kt-adv-heading3_7d696e-5b wp-block-kadence-advancedheading has-theme-palette-1-color has-text-color\" data-kb-block=\"kb-adv-heading3_7d696e-5b\">Enlla\u00e7os<\/h2>\n\n\n\n<p class=\"has-theme-palette-1-color has-text-color has-link-color wp-elements-1022b79d5b10ccc35845925ffe48ed56\">En el cas que en la p\u00e0gina web es disposaren enlla\u00e7os o enlla\u00e7os feia altres llocs d'Internet, <strong>la fundaci\u00f3n<\/strong> no exercir\u00e0 cap mena de control sobre estos llocs i continguts. En cap cas <strong>la fundaci\u00f3n<\/strong> assumir\u00e0 cap responsabilitat pels continguts d'algun enlla\u00e7 pertanyent a un lloc web ali\u00e9, ni garantir\u00e0 la disponibilitat t\u00e8cnica, qualitat, fiabilitat, exactitud, amplitud, veracitat, validesa i constitucionalitat de qualsevol material o informaci\u00f3 continguda en cap d'estos enlla\u00e7os o altres llocs d'Internet.<\/p>\n\n\n\n<p class=\"has-theme-palette-1-color has-text-color has-link-color wp-elements-133b1087e1dc4517d1f112f8b80cedb2\">Igualment, la inclusi\u00f3 d'estes connexions externes no implicar\u00e0 cap mena d'associaci\u00f3, fusi\u00f3 o participaci\u00f3 amb les entitats connectades.<\/p>\n\n\n<style>.wp-block-kadence-advancedheading.kt-adv-heading3_8d9959-ae, .wp-block-kadence-advancedheading.kt-adv-heading3_8d9959-ae[data-kb-block=\"kb-adv-heading3_8d9959-ae\"]{font-weight:300;font-style:normal;}.wp-block-kadence-advancedheading.kt-adv-heading3_8d9959-ae mark.kt-highlight, .wp-block-kadence-advancedheading.kt-adv-heading3_8d9959-ae[data-kb-block=\"kb-adv-heading3_8d9959-ae\"] mark.kt-highlight{font-style:normal;color:#f76a0c;-webkit-box-decoration-break:clone;box-decoration-break:clone;padding-top:0px;padding-right:0px;padding-bottom:0px;padding-left:0px;}<\/style>\n<h2 class=\"kt-adv-heading3_8d9959-ae wp-block-kadence-advancedheading has-theme-palette-1-color has-text-color\" data-kb-block=\"kb-adv-heading3_8d9959-ae\">Dret d'exclusi\u00f3<\/h2>\n\n\n\n<p class=\"has-theme-palette-1-color has-text-color has-link-color wp-elements-3a9fd59ad1e556fbfab88d6330f078e6\"><strong>La fundaci\u00f3n<\/strong> es reserva el dret a denegar o retirar l'acc\u00e9s a portal i\/o els servicis oferits sense necessitat de preav\u00eds, a inst\u00e0ncia pr\u00f2pia o d'un tercer, a aquells usuaris que incomplisquen les presents Condicions Generals d'\u00das.<\/p>\n\n\n<style>.wp-block-kadence-advancedheading.kt-adv-heading3_ece2c9-44, .wp-block-kadence-advancedheading.kt-adv-heading3_ece2c9-44[data-kb-block=\"kb-adv-heading3_ece2c9-44\"]{font-weight:300;font-style:normal;}.wp-block-kadence-advancedheading.kt-adv-heading3_ece2c9-44 mark.kt-highlight, .wp-block-kadence-advancedheading.kt-adv-heading3_ece2c9-44[data-kb-block=\"kb-adv-heading3_ece2c9-44\"] mark.kt-highlight{font-style:normal;color:#f76a0c;-webkit-box-decoration-break:clone;box-decoration-break:clone;padding-top:0px;padding-right:0px;padding-bottom:0px;padding-left:0px;}<\/style>\n<h2 class=\"kt-adv-heading3_ece2c9-44 wp-block-kadence-advancedheading has-theme-palette-1-color has-text-color\" data-kb-block=\"kb-adv-heading3_ece2c9-44\">Generalitats<\/h2>\n\n\n\n<p class=\"has-theme-palette-1-color has-text-color has-link-color wp-elements-0580073f2ae95e7aeee206faf3f2d07b\"><strong>La fundaci\u00f3n<\/strong> perseguir\u00e0 l'incompliment de les presents condicions, aix\u00ed com qualsevol utilitzaci\u00f3 indeguda del seu portal exercint totes les accions civils i penals que li puguen correspondre en dret.<\/p>\n\n\n<style>.wp-block-kadence-advancedheading.kt-adv-heading3_8cca88-19, .wp-block-kadence-advancedheading.kt-adv-heading3_8cca88-19[data-kb-block=\"kb-adv-heading3_8cca88-19\"]{font-weight:300;font-style:normal;}.wp-block-kadence-advancedheading.kt-adv-heading3_8cca88-19 mark.kt-highlight, .wp-block-kadence-advancedheading.kt-adv-heading3_8cca88-19[data-kb-block=\"kb-adv-heading3_8cca88-19\"] mark.kt-highlight{font-style:normal;color:#f76a0c;-webkit-box-decoration-break:clone;box-decoration-break:clone;padding-top:0px;padding-right:0px;padding-bottom:0px;padding-left:0px;}<\/style>\n<h2 class=\"kt-adv-heading3_8cca88-19 wp-block-kadence-advancedheading has-theme-palette-1-color has-text-color\" data-kb-block=\"kb-adv-heading3_8cca88-19\">Modificaci\u00f3 de les presents condicions i duraci\u00f3<\/h2>\n\n\n\n<p class=\"has-theme-palette-1-color has-text-color has-link-color wp-elements-240171038b8edf083c72a857fec5872e\"><strong>La fundaci\u00f3n<\/strong> podr\u00e0 modificar en qualsevol moment les condicions #ac\u00ed determinades, sent degudament publicades com ac\u00ed apareixen.<\/p>\n\n\n\n<p class=\"has-theme-palette-1-color has-text-color has-link-color wp-elements-846cbd89c10b3827c28484098b9c892b\">La vig\u00e8ncia de les citades condicions anir\u00e0 en funci\u00f3 de la seua exposici\u00f3 i estaran vigents fins que siguen modificades per unes altres degudament publicades<\/p>\n\n\n<style>.wp-block-kadence-advancedheading.kt-adv-heading3_1d6892-3d, .wp-block-kadence-advancedheading.kt-adv-heading3_1d6892-3d[data-kb-block=\"kb-adv-heading3_1d6892-3d\"]{font-weight:300;font-style:normal;}.wp-block-kadence-advancedheading.kt-adv-heading3_1d6892-3d mark.kt-highlight, .wp-block-kadence-advancedheading.kt-adv-heading3_1d6892-3d[data-kb-block=\"kb-adv-heading3_1d6892-3d\"] mark.kt-highlight{font-style:normal;color:#f76a0c;-webkit-box-decoration-break:clone;box-decoration-break:clone;padding-top:0px;padding-right:0px;padding-bottom:0px;padding-left:0px;}<\/style>\n<h2 class=\"kt-adv-heading3_1d6892-3d wp-block-kadence-advancedheading has-theme-palette-1-color has-text-color\" data-kb-block=\"kb-adv-heading3_1d6892-3d\">Legislaci\u00f3 aplicable i jurisdicci\u00f3<\/h2>\n\n\n\n<p class=\"has-theme-palette-1-color has-text-color has-link-color wp-elements-fca9c4fb41aef75ad263e94f496eca29\">La relaci\u00f3 entre <strong>la fundaci\u00f3n<\/strong> i l'USUARI es regir\u00e0 per la normativa espanyola vigent i qualsevol controv\u00e8rsia se sotmetr\u00e0 als Jutjats i tribunals de la ciutat anteriorment indicada.<\/p>\n<\/div><\/div>\n\n<\/div><\/div>","protected":false},"excerpt":{"rendered":"<p>Aviso legal En cumplimiento de la Ley 34\/2002, de 11 de julio, de Servicios de la Sociedad de la Informaci\u00f3n y de Comercio Electr\u00f3nico (LSSI-CE), la empresa le informa que es titular del sitio web. De acuerdo con la exigencia del art\u00edculo 10 de la citada Ley, informa de los siguientes datos: El titular de&#8230;<\/p>","protected":false},"author":1,"featured_media":0,"parent":0,"menu_order":0,"comment_status":"closed","ping_status":"closed","template":"","meta":{"_kad_blocks_custom_css":"","_kad_blocks_head_custom_js":"","_kad_blocks_body_custom_js":"","_kad_blocks_footer_custom_js":"","_kadence_starter_templates_imported_post":false,"_kad_post_transparent":"","_kad_post_title":"","_kad_post_layout":"","_kad_post_sidebar_id":"","_kad_post_content_style":"","_kad_post_vertical_padding":"","_kad_post_feature":"","_kad_post_feature_position":"","_kad_post_header":false,"_kad_post_footer":false,"footnotes":""},"class_list":["post-3","page","type-page","status-publish","hentry"],"taxonomy_info":[],"featured_image_src_large":false,"author_info":{"display_name":"admin","author_link":"https:\/\/coeves.com\/ca\/author\/office_zfvnwsff\/"},"comment_info":0,"_links":{"self":[{"href":"https:\/\/coeves.com\/ca\/wp-json\/wp\/v2\/pages\/3","targetHints":{"allow":["GET"]}}],"collection":[{"href":"https:\/\/coeves.com\/ca\/wp-json\/wp\/v2\/pages"}],"about":[{"href":"https:\/\/coeves.com\/ca\/wp-json\/wp\/v2\/types\/page"}],"author":[{"embeddable":true,"href":"https:\/\/coeves.com\/ca\/wp-json\/wp\/v2\/users\/1"}],"replies":[{"embeddable":true,"href":"https:\/\/coeves.com\/ca\/wp-json\/wp\/v2\/comments?post=3"}],"version-history":[{"count":4,"href":"https:\/\/coeves.com\/ca\/wp-json\/wp\/v2\/pages\/3\/revisions"}],"predecessor-version":[{"id":208,"href":"https:\/\/coeves.com\/ca\/wp-json\/wp\/v2\/pages\/3\/revisions\/208"}],"wp:attachment":[{"href":"https:\/\/coeves.com\/ca\/wp-json\/wp\/v2\/media?parent=3"}],"curies":[{"name":"wp","href":"https:\/\/api.w.org\/{rel}","templated":true}]}}