{"id":190,"date":"2024-10-30T12:00:59","date_gmt":"2024-10-30T12:00:59","guid":{"rendered":"https:\/\/scitoevents.com\/?page_id=190"},"modified":"2025-07-22T09:35:22","modified_gmt":"2025-07-22T09:35:22","slug":"contacto","status":"publish","type":"page","link":"https:\/\/coeves.com\/ca\/contacto\/","title":{"rendered":"Contacte"},"content":{"rendered":"<style>.kb-row-layout-id190_391e5e-ca > .kt-row-column-wrap{align-content:start;}:where(.kb-row-layout-id190_391e5e-ca > .kt-row-column-wrap) > .wp-block-kadence-column{justify-content:start;}.kb-row-layout-id190_391e5e-ca > .kt-row-column-wrap{column-gap:var(--global-kb-gap-md, 2rem);row-gap:var(--global-kb-gap-md, 2rem);max-width:var( --global-content-width, 1290px );padding-left:var(--global-content-edge-padding);padding-right:var(--global-content-edge-padding);padding-top:var(--global-kb-spacing-4xl, 8rem);padding-bottom:var(--global-kb-spacing-sm, 1.5rem);grid-template-columns:minmax(0, 1fr);}.kb-row-layout-id190_391e5e-ca > .kt-row-layout-overlay{opacity:0.30;}@media all and (max-width: 1024px){.kb-row-layout-id190_391e5e-ca > .kt-row-column-wrap{grid-template-columns:minmax(0, 1fr);}}@media all and (max-width: 767px){.kb-row-layout-id190_391e5e-ca > .kt-row-column-wrap{grid-template-columns:minmax(0, 1fr);}}<\/style><div class=\"kb-row-layout-wrap kb-row-layout-id190_391e5e-ca alignnone wp-block-kadence-rowlayout\"><div class=\"kt-row-column-wrap kt-has-1-columns kt-row-layout-equal kt-tab-layout-inherit kt-mobile-layout-row kt-row-valign-top kb-theme-content-width\">\n<style>.kadence-column190_746c9a-2e > .kt-inside-inner-col,.kadence-column190_746c9a-2e > .kt-inside-inner-col:before{border-top-left-radius:0px;border-top-right-radius:0px;border-bottom-right-radius:0px;border-bottom-left-radius:0px;}.kadence-column190_746c9a-2e > .kt-inside-inner-col{column-gap:var(--global-kb-gap-sm, 1rem);}.kadence-column190_746c9a-2e > .kt-inside-inner-col{flex-direction:column;}.kadence-column190_746c9a-2e > .kt-inside-inner-col > .aligncenter{width:100%;}.kadence-column190_746c9a-2e > .kt-inside-inner-col:before{opacity:0.3;}.kadence-column190_746c9a-2e{position:relative;}@media all and (max-width: 1024px){.kadence-column190_746c9a-2e > .kt-inside-inner-col{flex-direction:column;}}@media all and (max-width: 767px){.kadence-column190_746c9a-2e > .kt-inside-inner-col{flex-direction:column;}}<\/style>\n<div class=\"wp-block-kadence-column kadence-column190_746c9a-2e\"><div class=\"kt-inside-inner-col\"><style>.wp-block-kadence-advancedheading.kt-adv-heading190_3bcb6f-85, .wp-block-kadence-advancedheading.kt-adv-heading190_3bcb6f-85[data-kb-block=\"kb-adv-heading190_3bcb6f-85\"]{font-size:var(--global-kb-font-size-xl, 3rem);font-weight:300;font-style:normal;}.wp-block-kadence-advancedheading.kt-adv-heading190_3bcb6f-85 mark.kt-highlight, .wp-block-kadence-advancedheading.kt-adv-heading190_3bcb6f-85[data-kb-block=\"kb-adv-heading190_3bcb6f-85\"] mark.kt-highlight{font-style:normal;color:var(--global-palette3, #1A202C);-webkit-box-decoration-break:clone;box-decoration-break:clone;padding-top:0px;padding-right:0px;padding-bottom:0px;padding-left:0px;}<\/style>\n<h2 class=\"kt-adv-heading190_3bcb6f-85 wp-block-kadence-advancedheading has-theme-palette-1-color has-text-color\" data-kb-block=\"kb-adv-heading190_3bcb6f-85\"><mark class=\"kt-highlight\">Contacta<\/mark> amb nosaltres<\/h2>\n\n\n\n<p class=\"has-theme-palette-1-color has-text-color has-link-color has-medium-font-size wp-elements-f0767a86e8b731ac862d48502f453e02\" style=\"line-height:1.2\">En ScitoEvents creem la teua marca congressual des de zero, coneixem les necessitats del sector cient\u00edfic per a transformar una visi\u00f3 en projectes memorables.<\/p>\n<\/div><\/div>\n\n<\/div><\/div>\n\n<style>.kb-row-layout-id190_499a7e-dc > .kt-row-column-wrap{align-content:start;}:where(.kb-row-layout-id190_499a7e-dc > .kt-row-column-wrap) > .wp-block-kadence-column{justify-content:start;}.kb-row-layout-id190_499a7e-dc > .kt-row-column-wrap{column-gap:var(--global-kb-gap-md, 2rem);row-gap:var(--global-kb-gap-md, 2rem);max-width:var( --global-content-width, 1290px );padding-left:var(--global-content-edge-padding);padding-right:var(--global-content-edge-padding);padding-top:var(--global-kb-spacing-sm, 1.5rem);padding-bottom:var(--global-kb-spacing-sm, 1.5rem);grid-template-columns:repeat(2, minmax(0, 1fr));}.kb-row-layout-id190_499a7e-dc > .kt-row-layout-overlay{opacity:0.30;}@media all and (max-width: 1024px){.kb-row-layout-id190_499a7e-dc > .kt-row-column-wrap{grid-template-columns:repeat(2, minmax(0, 1fr));}}@media all and (max-width: 767px){.kb-row-layout-id190_499a7e-dc > .kt-row-column-wrap{grid-template-columns:minmax(0, 1fr);}}<\/style><div class=\"kb-row-layout-wrap kb-row-layout-id190_499a7e-dc alignnone wp-block-kadence-rowlayout\"><div class=\"kt-row-column-wrap kt-has-2-columns kt-row-layout-equal kt-tab-layout-inherit kt-mobile-layout-row kt-row-valign-top kb-theme-content-width\">\n<style>.kadence-column190_98b3cf-97 > .kt-inside-inner-col,.kadence-column190_98b3cf-97 > .kt-inside-inner-col:before{border-top-left-radius:0px;border-top-right-radius:0px;border-bottom-right-radius:0px;border-bottom-left-radius:0px;}.kadence-column190_98b3cf-97 > .kt-inside-inner-col{column-gap:var(--global-kb-gap-sm, 1rem);}.kadence-column190_98b3cf-97 > .kt-inside-inner-col{flex-direction:column;}.kadence-column190_98b3cf-97 > .kt-inside-inner-col > .aligncenter{width:100%;}.kadence-column190_98b3cf-97 > .kt-inside-inner-col:before{opacity:0.3;}.kadence-column190_98b3cf-97{position:relative;}@media all and (max-width: 1024px){.kadence-column190_98b3cf-97 > .kt-inside-inner-col{flex-direction:column;}}@media all and (max-width: 767px){.kadence-column190_98b3cf-97 > .kt-inside-inner-col{flex-direction:column;}}<\/style>\n<div class=\"wp-block-kadence-column kadence-column190_98b3cf-97\"><div class=\"kt-inside-inner-col\"><div class=\"wp-block-kadence-advanced-form wp-block-kadence-advanced-form718-cpt-id kb-adv-form-label-style-infield kb-adv-form-input-size-standard kb-form-basic-style wp-block-kadence-advanced-form\"><form id=\"kb-adv-form-718-cpt-id\" class=\"kb-advanced-form\" method=\"post\" action=\"\">\n<style>.kb-row-layout-id190_9920d1-04 > .kt-row-column-wrap{align-content:start;}:where(.kb-row-layout-id190_9920d1-04 > .kt-row-column-wrap) > .wp-block-kadence-column{justify-content:start;}.kb-row-layout-id190_9920d1-04 > .kt-row-column-wrap{column-gap:var(--global-kb-gap-md, 2rem);row-gap:var(--global-kb-gap-md, 2rem);padding-top:0px;padding-right:0px;padding-bottom:0px;padding-left:0px;grid-template-columns:minmax(0, 1fr);}.kb-row-layout-id190_9920d1-04 > .kt-row-layout-overlay{opacity:0.30;}@media all and (max-width: 1024px){.kb-row-layout-id190_9920d1-04 > .kt-row-column-wrap{grid-template-columns:minmax(0, 1fr);}}@media all and (max-width: 767px){.kb-row-layout-id190_9920d1-04 > .kt-row-column-wrap{grid-template-columns:minmax(0, 1fr);}}<\/style><div class=\"kb-row-layout-wrap kb-row-layout-id190_9920d1-04 alignnone wp-block-kadence-rowlayout\"><div class=\"kt-row-column-wrap kt-has-1-columns kt-row-layout-equal kt-tab-layout-inherit kt-mobile-layout-row kt-row-valign-top\">\n<style>.kadence-column190_3fe0bc-a4 > .kt-inside-inner-col,.kadence-column190_3fe0bc-a4 > .kt-inside-inner-col:before{border-top-left-radius:0px;border-top-right-radius:0px;border-bottom-right-radius:0px;border-bottom-left-radius:0px;}.kadence-column190_3fe0bc-a4 > .kt-inside-inner-col{column-gap:var(--global-kb-gap-sm, 1rem);}.kadence-column190_3fe0bc-a4 > .kt-inside-inner-col{flex-direction:column;}.kadence-column190_3fe0bc-a4 > .kt-inside-inner-col > .aligncenter{width:100%;}.kadence-column190_3fe0bc-a4 > .kt-inside-inner-col:before{opacity:0.3;}.kadence-column190_3fe0bc-a4{position:relative;}@media all and (max-width: 1024px){.kadence-column190_3fe0bc-a4 > .kt-inside-inner-col{flex-direction:column;}}@media all and (max-width: 767px){.kadence-column190_3fe0bc-a4 > .kt-inside-inner-col{flex-direction:column;}}<\/style>\n<div class=\"wp-block-kadence-column kadence-column190_3fe0bc-a4\"><div class=\"kt-inside-inner-col\"><div class=\"kb-adv-form-field kb-adv-form-text-type-input kb-adv-form-infield-type-input kb-field718126774-2e wp-block-kadence-advanced-form-text\"><label class=\"kb-adv-form-label\" for=\"field718126774-2e\">Nom<\/label><input name=\"field126774-2e\" id=\"field718126774-2e\" data-label=\"Nombre\" type=\"text\" placeholder=\"\" value=\"\" data-type=\"text\" class=\"kb-field kb-text-field\" data-required=\"no\" \/><\/div><\/div><\/div>\n\n\n<style>.kadence-column190_23d44b-45 > .kt-inside-inner-col,.kadence-column190_23d44b-45 > .kt-inside-inner-col:before{border-top-left-radius:0px;border-top-right-radius:0px;border-bottom-right-radius:0px;border-bottom-left-radius:0px;}.kadence-column190_23d44b-45 > .kt-inside-inner-col{column-gap:var(--global-kb-gap-sm, 1rem);}.kadence-column190_23d44b-45 > .kt-inside-inner-col{flex-direction:column;}.kadence-column190_23d44b-45 > .kt-inside-inner-col > .aligncenter{width:100%;}.kadence-column190_23d44b-45 > .kt-inside-inner-col:before{opacity:0.3;}.kadence-column190_23d44b-45{position:relative;}@media all and (max-width: 1024px){.kadence-column190_23d44b-45 > .kt-inside-inner-col{flex-direction:column;}}@media all and (max-width: 767px){.kadence-column190_23d44b-45 > .kt-inside-inner-col{flex-direction:column;}}<\/style>\n<div class=\"wp-block-kadence-column kadence-column190_23d44b-45\"><div class=\"kt-inside-inner-col\"><div class=\"kb-adv-form-field kb-adv-form-text-type-input kb-adv-form-infield-type-input kb-field7183394d9-88 wp-block-kadence-advanced-form-email\"><label class=\"kb-adv-form-label\" for=\"field7183394d9-88\">Email<span class=\"kb-adv-form-required\">*<\/span><\/label><input name=\"field3394d9-88\" id=\"field7183394d9-88\" data-label=\"Email\" type=\"email\" placeholder=\"\" value=\"\" data-type=\"email\" class=\"kb-field kb-email-field\" data-required=\"yes\" required aria-required=\"true\"\/><\/div><\/div><\/div>\n\n<\/div><\/div>\n\n<style>.kb-row-layout-id190_782e26-5a > .kt-row-column-wrap{align-content:start;}:where(.kb-row-layout-id190_782e26-5a > .kt-row-column-wrap) > .wp-block-kadence-column{justify-content:start;}.kb-row-layout-id190_782e26-5a > .kt-row-column-wrap{column-gap:var(--global-kb-gap-md, 2rem);row-gap:var(--global-kb-gap-md, 2rem);padding-top:0px;padding-right:0px;padding-bottom:0px;padding-left:0px;grid-template-columns:minmax(0, 1fr);}.kb-row-layout-id190_782e26-5a > .kt-row-layout-overlay{opacity:0.30;}@media all and (max-width: 1024px){.kb-row-layout-id190_782e26-5a > .kt-row-column-wrap{grid-template-columns:minmax(0, 1fr);}}@media all and (max-width: 767px){.kb-row-layout-id190_782e26-5a > .kt-row-column-wrap{grid-template-columns:minmax(0, 1fr);}}<\/style><div class=\"kb-row-layout-wrap kb-row-layout-id190_782e26-5a alignnone wp-block-kadence-rowlayout\"><div class=\"kt-row-column-wrap kt-has-1-columns kt-row-layout-equal kt-tab-layout-inherit kt-mobile-layout-row kt-row-valign-top\">\n<style>.kadence-column190_ebf229-ad > .kt-inside-inner-col,.kadence-column190_ebf229-ad > .kt-inside-inner-col:before{border-top-left-radius:0px;border-top-right-radius:0px;border-bottom-right-radius:0px;border-bottom-left-radius:0px;}.kadence-column190_ebf229-ad > .kt-inside-inner-col{column-gap:var(--global-kb-gap-sm, 1rem);}.kadence-column190_ebf229-ad > .kt-inside-inner-col{flex-direction:column;}.kadence-column190_ebf229-ad > .kt-inside-inner-col > .aligncenter{width:100%;}.kadence-column190_ebf229-ad > .kt-inside-inner-col:before{opacity:0.3;}.kadence-column190_ebf229-ad{position:relative;}@media all and (max-width: 1024px){.kadence-column190_ebf229-ad > .kt-inside-inner-col{flex-direction:column;}}@media all and (max-width: 767px){.kadence-column190_ebf229-ad > .kt-inside-inner-col{flex-direction:column;}}<\/style>\n<div class=\"wp-block-kadence-column kadence-column190_ebf229-ad\"><div class=\"kt-inside-inner-col\"><div class=\"kb-adv-form-field kb-adv-form-infield-type-input kb-field718392317-80 wp-block-kadence-advanced-form-select\"><label class=\"kb-adv-form-label\" for=\"field718392317-80\">Raz\u00f3n de contacto<span class=\"kb-adv-form-required\">*<\/span><\/label><select  name=\"field392317-80\" id=\"field718392317-80\" required aria-required=\"true\"><option value=\"Organizar tu evento\">Organizar tu evento<\/option><option value=\"Crear tu marca\">Crear tu marca<\/option><option value=\"Otros\">Otros<\/option><\/select><\/div><\/div><\/div>\n\n<\/div><\/div>\n\n<div class=\"kb-adv-form-field kb-adv-form-text-type-input kb-adv-form-infield-type-input kb-field71826c5ff-ec wp-block-kadence-advanced-form-textarea\"><label class=\"kb-adv-form-label\" for=\"field71826c5ff-ec\">Missatge<span class=\"kb-adv-form-required\">*<\/span><\/label><textarea name=\"field26c5ff-ec\" id=\"field71826c5ff-ec\" rows=\"3\"  data-label=\"Mensaje\" placeholder=\"\" data-type=\"textarea\" class=\"kb-field kb-textarea-field\" data-required=\"yes\" required aria-required=\"true\"><\/textarea><\/div>\n\n<div class=\"kb-adv-form-field kb-field7183412af-24 wp-block-kadence-advanced-form-accept\"><fieldset class=\"kb-radio-check-item-wrap\" id=\"cb7183412af-24\" data-type=\"accept\" data-required=\"yes\" ><legend class=\"kb-adv-form-label\">Termes i condicions<span class=\"kb-adv-form-required\">*<\/span><\/legend><div class=\"kb-radio-check-item\"><input name=\"field3412af-24\" id=\"field7183412af-24_0\" data-label=\"T\u00e9rminos y condiciones\" type=\"checkbox\" value=\"accept\" data-type=\"accept\" class=\"kb-field kb-accept-field kb-checkbox-field\" data-required=\"yes\" required aria-required=\"true\"\/><label for=\"field7183412af-24_0\">He le\u00eddo y acepto la <a href=\"https:\/\/coeves.com\/ca\/informacion-legal\/\" target=\"_blank\" rel=\"noreferrer noopener\">pol\u00edtica de privacidad<\/a>.<\/label><\/div><\/fieldset><\/div>\n\n<style>ul.menu .kb-submit-field .kb-btne05b4d-47.kb-button{width:initial;}.kb-submit-field .kb-btne05b4d-47.kb-button{border-top-left-radius:25px;border-top-right-radius:25px;border-bottom-right-radius:25px;border-bottom-left-radius:25px;}.kb-submit-field.kb-fielde05b4d-47{justify-content:flex-start;}<\/style><div class=\"kb-adv-form-field kb-submit-field kb-fielde05b4d-47 wp-block-kadence-advanced-form-submit\"><button class=\"kb-button kt-button button kb-adv-form-submit-button kb-btne05b4d-47 kt-btn-size-standard kt-btn-width-type-auto kb-btn-global-fill kt-btn-has-text-true kt-btn-has-svg-false\" type=\"submit\"><span class=\"kt-btn-inner-text\">Enviar<\/span><\/button><\/div>\n\n<input type=\"hidden\" name=\"recaptcha_response\" class=\"kb_recaptcha_response kb_recaptcha_f27b24-89\" \/>\n<input type=\"hidden\" name=\"_kb_adv_form_post_id\" value=\"718\"><input type=\"hidden\" name=\"action\" value=\"kb_process_advanced_form_submit\"><input type=\"hidden\" name=\"_kb_adv_form_id\" value=\"718-cpt-id\"><input type=\"hidden\" name=\"trp-form-language\" value=\"ca\"\/><\/form><\/div><\/div><\/div>\n\n\n<style>.kadence-column190_49c7b3-a9 > .kt-inside-inner-col,.kadence-column190_49c7b3-a9 > .kt-inside-inner-col:before{border-top-left-radius:0px;border-top-right-radius:0px;border-bottom-right-radius:0px;border-bottom-left-radius:0px;}.kadence-column190_49c7b3-a9 > .kt-inside-inner-col{column-gap:var(--global-kb-gap-sm, 1rem);}.kadence-column190_49c7b3-a9 > .kt-inside-inner-col{flex-direction:column;}.kadence-column190_49c7b3-a9 > .kt-inside-inner-col > .aligncenter{width:100%;}.kadence-column190_49c7b3-a9 > .kt-inside-inner-col:before{opacity:0.3;}.kadence-column190_49c7b3-a9{position:relative;}@media all and (max-width: 1024px){.kadence-column190_49c7b3-a9 > .kt-inside-inner-col{flex-direction:column;}}@media all and (max-width: 767px){.kadence-column190_49c7b3-a9 > .kt-inside-inner-col{flex-direction:column;}}<\/style>\n<div class=\"wp-block-kadence-column kadence-column190_49c7b3-a9\"><div class=\"kt-inside-inner-col\"><style>.kb-google-maps-container190_0bab8c-a5{height:500px;}<\/style><div class=\"kb-google-maps-container kb-google-maps-container190_0bab8c-a5  wp-block-kadence-googlemaps\" data-mapid=\"190_0bab8ca5\"><iframe width=\"100%\" height=\"100%\"\n\t\t\t\t\t\t\tstyle=\"border:0\" loading=\"lazy\"\n\t\t\t\t\t\t\tsrc=\"https:\/\/www.google.com\/maps\/embed\/v1\/place?key=AIzaSyBAM2o7PiQqwk15LC1XRH2e_KJ-jUa7KYk&#038;zoom=15&#038;maptype=roadmap&#038;q=Fundaci%C3%B3+Scito\"\n\t\t\t\t\t\t\ttitle=\"Google map of Fundaci\u00f3 Scito\"><\/iframe><\/div><script>function kb_google_map190_0bab8ca5() { let center = { lat: 37.8201, lng: -122.4781}; let map = new google.maps.Map(document.getElementById(\"kb-google-map190_0bab8ca5\"), {\n\t\t\t\t\t    zoom: 15,\n\t\t\t\t\t    center: center,});let marker = new google.maps.Marker({   position: { lat: 37.8201, lng: -122.4781},    map: map,  });}<\/script><\/div><\/div>\n\n<\/div><\/div>\n\n\n\n<style>.kb-row-layout-id190_e3e9c2-98 > .kt-row-column-wrap{align-content:start;}:where(.kb-row-layout-id190_e3e9c2-98 > .kt-row-column-wrap) > .wp-block-kadence-column{justify-content:start;}.kb-row-layout-id190_e3e9c2-98 > .kt-row-column-wrap{column-gap:var(--global-kb-gap-md, 2rem);row-gap:var(--global-kb-gap-md, 2rem);max-width:var( --global-content-width, 1290px );padding-left:var(--global-content-edge-padding);padding-right:var(--global-content-edge-padding);padding-top:var(--global-kb-spacing-xl, 4rem);padding-bottom:var(--global-kb-spacing-sm, 1.5rem);grid-template-columns:minmax(0, 1fr);}.kb-row-layout-id190_e3e9c2-98 > .kt-row-layout-overlay{opacity:0.30;}@media all and (max-width: 1024px){.kb-row-layout-id190_e3e9c2-98 > .kt-row-column-wrap{grid-template-columns:minmax(0, 1fr);}}@media all and (max-width: 767px){.kb-row-layout-id190_e3e9c2-98 > .kt-row-column-wrap{grid-template-columns:minmax(0, 1fr);}}<\/style><div class=\"kb-row-layout-wrap kb-row-layout-id190_e3e9c2-98 alignnone wp-block-kadence-rowlayout\"><div class=\"kt-row-column-wrap kt-has-1-columns kt-row-layout-equal kt-tab-layout-inherit kt-mobile-layout-row kt-row-valign-top kb-theme-content-width\">\n<style>.kadence-column190_cbf948-ef > .kt-inside-inner-col,.kadence-column190_cbf948-ef > .kt-inside-inner-col:before{border-top-left-radius:0px;border-top-right-radius:0px;border-bottom-right-radius:0px;border-bottom-left-radius:0px;}.kadence-column190_cbf948-ef > .kt-inside-inner-col{column-gap:var(--global-kb-gap-sm, 1rem);}.kadence-column190_cbf948-ef > .kt-inside-inner-col{flex-direction:column;}.kadence-column190_cbf948-ef > .kt-inside-inner-col > .aligncenter{width:100%;}.kadence-column190_cbf948-ef > .kt-inside-inner-col:before{opacity:0.3;}.kadence-column190_cbf948-ef{position:relative;}@media all and (max-width: 1024px){.kadence-column190_cbf948-ef > .kt-inside-inner-col{flex-direction:column;}}@media all and (max-width: 767px){.kadence-column190_cbf948-ef > .kt-inside-inner-col{flex-direction:column;}}<\/style>\n<div class=\"wp-block-kadence-column kadence-column190_cbf948-ef\"><div class=\"kt-inside-inner-col\"><style>.wp-block-kadence-advancedheading.kt-adv-heading190_081978-b9, .wp-block-kadence-advancedheading.kt-adv-heading190_081978-b9[data-kb-block=\"kb-adv-heading190_081978-b9\"]{font-size:var(--global-kb-font-size-xl, 3rem);font-weight:300;font-style:normal;}.wp-block-kadence-advancedheading.kt-adv-heading190_081978-b9 mark.kt-highlight, .wp-block-kadence-advancedheading.kt-adv-heading190_081978-b9[data-kb-block=\"kb-adv-heading190_081978-b9\"] mark.kt-highlight{font-style:normal;color:var(--global-palette3, #1A202C);-webkit-box-decoration-break:clone;box-decoration-break:clone;padding-top:0px;padding-right:0px;padding-bottom:0px;padding-left:0px;}<\/style>\n<h2 class=\"kt-adv-heading190_081978-b9 wp-block-kadence-advancedheading has-theme-palette-1-color has-text-color\" data-kb-block=\"kb-adv-heading190_081978-b9\"><mark class=\"kt-highlight\">Tria<\/mark> el format que m\u00e9s encaix per al teu esdeveniment.<\/h2>\n\n\n<style>.kb-image190_b6d383-78.kb-image-is-ratio-size, .kb-image190_b6d383-78 .kb-image-is-ratio-size{max-width:700px;width:100%;}.wp-block-kadence-column > .kt-inside-inner-col > .kb-image190_b6d383-78.kb-image-is-ratio-size, .wp-block-kadence-column > .kt-inside-inner-col > .kb-image190_b6d383-78 .kb-image-is-ratio-size{align-self:unset;}.kb-image190_b6d383-78 figure{max-width:700px;}.kb-image190_b6d383-78 .image-is-svg, .kb-image190_b6d383-78 .image-is-svg img{width:100%;}.kb-image190_b6d383-78 .kb-image-has-overlay:after{opacity:0.3;}<\/style>\n<div class=\"wp-block-kadence-image kb-image190_b6d383-78\"><figure class=\"aligncenter size-large\"><img loading=\"lazy\" decoding=\"async\" width=\"873\" height=\"1024\" src=\"https:\/\/coeves.com\/wp-content\/uploads\/2024\/11\/24-11-25-Web-Scito-Events-imagen-873x1024.jpg\" alt=\"\" class=\"kb-img wp-image-575\" srcset=\"https:\/\/coeves.com\/wp-content\/uploads\/2024\/11\/24-11-25-Web-Scito-Events-imagen-873x1024.jpg 873w, https:\/\/coeves.com\/wp-content\/uploads\/2024\/11\/24-11-25-Web-Scito-Events-imagen-256x300.jpg 256w, https:\/\/coeves.com\/wp-content\/uploads\/2024\/11\/24-11-25-Web-Scito-Events-imagen-768x900.jpg 768w, https:\/\/coeves.com\/wp-content\/uploads\/2024\/11\/24-11-25-Web-Scito-Events-imagen.jpg 1184w\" sizes=\"auto, (max-width: 873px) 100vw, 873px\" \/><\/figure><\/div>\n<\/div><\/div>\n\n<\/div><\/div>","protected":false},"excerpt":{"rendered":"<p>Contacta con nosotros En ScitoEvents creamos tu marca congresual desde cero, conocemos las necesidades del sector cient\u00edfico para transformar una visi\u00f3n en proyectos memorables. Elige el formato que m\u00e1s encaje para tu evento.<\/p>","protected":false},"author":1,"featured_media":0,"parent":0,"menu_order":0,"comment_status":"closed","ping_status":"closed","template":"","meta":{"_kad_blocks_custom_css":"","_kad_blocks_head_custom_js":"","_kad_blocks_body_custom_js":"","_kad_blocks_footer_custom_js":"","_kadence_starter_templates_imported_post":false,"_kad_post_transparent":"","_kad_post_title":"","_kad_post_layout":"","_kad_post_sidebar_id":"","_kad_post_content_style":"","_kad_post_vertical_padding":"","_kad_post_feature":"","_kad_post_feature_position":"","_kad_post_header":false,"_kad_post_footer":false,"footnotes":""},"class_list":["post-190","page","type-page","status-publish","hentry"],"taxonomy_info":[],"featured_image_src_large":false,"author_info":{"display_name":"admin","author_link":"https:\/\/coeves.com\/ca\/author\/office_zfvnwsff\/"},"comment_info":0,"_links":{"self":[{"href":"https:\/\/coeves.com\/ca\/wp-json\/wp\/v2\/pages\/190","targetHints":{"allow":["GET"]}}],"collection":[{"href":"https:\/\/coeves.com\/ca\/wp-json\/wp\/v2\/pages"}],"about":[{"href":"https:\/\/coeves.com\/ca\/wp-json\/wp\/v2\/types\/page"}],"author":[{"embeddable":true,"href":"https:\/\/coeves.com\/ca\/wp-json\/wp\/v2\/users\/1"}],"replies":[{"embeddable":true,"href":"https:\/\/coeves.com\/ca\/wp-json\/wp\/v2\/comments?post=190"}],"version-history":[{"count":17,"href":"https:\/\/coeves.com\/ca\/wp-json\/wp\/v2\/pages\/190\/revisions"}],"predecessor-version":[{"id":737,"href":"https:\/\/coeves.com\/ca\/wp-json\/wp\/v2\/pages\/190\/revisions\/737"}],"wp:attachment":[{"href":"https:\/\/coeves.com\/ca\/wp-json\/wp\/v2\/media?parent=190"}],"curies":[{"name":"wp","href":"https:\/\/api.w.org\/{rel}","templated":true}]}}